{"id":40,"date":"2015-12-27T22:25:34","date_gmt":"2015-12-27T21:25:34","guid":{"rendered":"http:\/\/staka.thamasett.local\/?page_id=40"},"modified":"2024-01-24T18:04:23","modified_gmt":"2024-01-24T17:04:23","slug":"kontakt","status":"publish","type":"page","link":"https:\/\/stadtkapelle-lauchheim.de\/?page_id=40","title":{"rendered":"Kontakt"},"content":{"rendered":"\n<p><strong>1. Vorsitzende<\/strong><\/p>\n\n\n\n<p>Nadine Schips<\/p>\n\n\n\n<p>vorstand@stadtkapelle-lauchheim.de<\/p>\n\n\n\n<p><strong>2. Vorsitzende<\/strong><\/p>\n\n\n\n<p>Celina Abele<\/p>\n\n\n\n<p><strong>Dirigent<\/strong><\/p>\n\n\n\n<p>Harald W\u00f6hrle<\/p>\n\n\n\n<p><strong>Dirigent Jugendkapelle<\/strong><\/p>\n\n\n\n<p>Xenia R\u00f6sler<\/p>\n\n\n\n<p><strong>Jugendleitung<\/strong><\/p>\n\n\n\n<p>Larissa Leopold<\/p>\n\n\n\n<p>jugendleitung@stadtkapelle-Lauchheim.de<\/p>\n\n\n\n<p><strong>Kassierer<\/strong><\/p>\n\n\n\n<p>Dietmar Burger<\/p>\n\n\n\n<p><strong>Schriftf\u00fchrer<\/strong><\/p>\n\n\n\n<p>Bernadette Zech<\/p>\n\n\n\n<p><strong>Elternvertreter<\/strong><\/p>\n\n\n\n<p>Matthias Stumpp<\/p>\n\n\n\n<p><strong>Festausschuss<\/strong><\/p>\n\n\n\n<p>Katja Zeller<\/p>\n\n\n\n<p><strong>Uniformen-Instrumentenwart<\/strong><\/p>\n\n\n\n<p>Patrick Weber<\/p>\n\n\n\n<p><strong>Notenwart<\/strong><\/p>\n\n\n\n<p>Johannes Leopold<\/p>\n\n\n\n<div class=\"wp-block-file\"><a id=\"wp-block-file--media-b6f8fbdf-75b3-4183-ad08-21bd2de99dbd\" href=\"https:\/\/stadtkapelle-lauchheim.de\/wp-content\/uploads\/2022\/12\/SEPA_Beitrittserklaerung-1.pdf\"><strong>Beitrittserkl\u00e4rung MV Stadtkapelle Lauchheim e.V.<\/strong><\/a><a href=\"https:\/\/stadtkapelle-lauchheim.de\/wp-content\/uploads\/2022\/12\/SEPA_Beitrittserklaerung-1.pdf\" class=\"wp-block-file__button wp-element-button\" download aria-describedby=\"wp-block-file--media-b6f8fbdf-75b3-4183-ad08-21bd2de99dbd\">Herunterladen<\/a><\/div>\n\n\n\n<div class=\"wp-block-file\"><a id=\"wp-block-file--media-3063f77d-c121-4d95-b2ae-9e6048d6ea0b\" href=\"https:\/\/stadtkapelle-lauchheim.de\/wp-content\/uploads\/2022\/12\/SEPA_Beitrittserklaerung_Foerderverein-1.pdf\"><strong>Beitrittserkl\u00e4rung F\u00f6rderverein MV Stadtkapelle Lauchheim e.V.<\/strong><\/a><a href=\"https:\/\/stadtkapelle-lauchheim.de\/wp-content\/uploads\/2022\/12\/SEPA_Beitrittserklaerung_Foerderverein-1.pdf\" class=\"wp-block-file__button wp-element-button\" download aria-describedby=\"wp-block-file--media-3063f77d-c121-4d95-b2ae-9e6048d6ea0b\">Herunterladen<\/a><\/div>\n","protected":false},"excerpt":{"rendered":"<p>1. Vorsitzende Nadine Schips vorstand@stadtkapelle-lauchheim.de 2. Vorsitzende Celina Abele Dirigent Harald W\u00f6hrle Dirigent Jugendkapelle Xenia R\u00f6sler Jugendleitung Larissa Leopold jugendleitung@stadtkapelle-Lauchheim.de Kassierer Dietmar Burger Schriftf\u00fchrer Bernadette Zech Elternvertreter Matthias Stumpp Festausschuss Katja Zeller Uniformen-Instrumentenwart Patrick Weber Notenwart Johannes Leopold<\/p>\n <a class=\"more-link\" href=\"https:\/\/stadtkapelle-lauchheim.de\/?page_id=40\"><span class=\"more-msg\">Weiterlesen &rarr;<\/span><\/a>","protected":false},"author":1,"featured_media":0,"parent":0,"menu_order":3,"comment_status":"closed","ping_status":"closed","template":"","meta":{"footnotes":""},"class_list":["post-40","page","type-page","status-publish","hentry"],"_links":{"self":[{"href":"https:\/\/stadtkapelle-lauchheim.de\/index.php?rest_route=\/wp\/v2\/pages\/40","targetHints":{"allow":["GET"]}}],"collection":[{"href":"https:\/\/stadtkapelle-lauchheim.de\/index.php?rest_route=\/wp\/v2\/pages"}],"about":[{"href":"https:\/\/stadtkapelle-lauchheim.de\/index.php?rest_route=\/wp\/v2\/types\/page"}],"author":[{"embeddable":true,"href":"https:\/\/stadtkapelle-lauchheim.de\/index.php?rest_route=\/wp\/v2\/users\/1"}],"replies":[{"embeddable":true,"href":"https:\/\/stadtkapelle-lauchheim.de\/index.php?rest_route=%2Fwp%2Fv2%2Fcomments&post=40"}],"version-history":[{"count":25,"href":"https:\/\/stadtkapelle-lauchheim.de\/index.php?rest_route=\/wp\/v2\/pages\/40\/revisions"}],"predecessor-version":[{"id":529,"href":"https:\/\/stadtkapelle-lauchheim.de\/index.php?rest_route=\/wp\/v2\/pages\/40\/revisions\/529"}],"wp:attachment":[{"href":"https:\/\/stadtkapelle-lauchheim.de\/index.php?rest_route=%2Fwp%2Fv2%2Fmedia&parent=40"}],"curies":[{"name":"wp","href":"https:\/\/api.w.org\/{rel}","templated":true}]}}