{"id":306,"date":"2018-01-24T18:01:41","date_gmt":"2018-01-24T17:01:41","guid":{"rendered":"https:\/\/stadtkapelle-lauchheim.de\/?page_id=306"},"modified":"2022-11-20T20:11:35","modified_gmt":"2022-11-20T19:11:35","slug":"stadtmusikanten","status":"publish","type":"page","link":"https:\/\/stadtkapelle-lauchheim.de\/?page_id=306","title":{"rendered":"Stadtmusikanten"},"content":{"rendered":"<h3>Junggebliebenen-Kapelle:<\/h3>\n<p><strong>Gr\u00fcndung: <\/strong>Zum 50-j\u00e4hrigen Bestehen des Musikvereins wurden <strong>s\u00e4mtliche Musiker aus Gr\u00fcndungszeit<\/strong><br \/>\ndes Vereins motiviert, am Jubil\u00e4ums-Neujahrskonzert 2007, aktiv teilzunehmen. Dies sollte<br \/>\neinmalig stattfinden. Die 24 hochmotivierten Musiker spielten unter der Leitung von Walter<br \/>\nKern zu Topform auf.<br \/>\n<strong>Musiker:<\/strong> Mittlerweile wurde eine unerwartete Aufbruchstimmung, weiter zu machen, immer lauter.<br \/>\nDer Wunsch nach einer Kapelle f\u00fcr &#8222;Junggebliebene&#8220;, ohne verpflichtende Auftritte war seitens<br \/>\nder Musiker so stark, dass bereits am 26.02.2007 eine Gr\u00fcndungsversammlung abgehalten wurde.<br \/>\n<strong>Mitmachen?:<\/strong> Interessierte Musiker k\u00f6nnen sich jederzeit, beim Betreuer der Kapelle, Georg Vatter oder bei der 1. Vorsitzenden informieren.<br \/>\nF\u00fcr die musikalische Leitung ist Walter Klopfer zust\u00e4ndig.<br \/>\n<strong>Probe:<\/strong> Montags, 19:30 Uhr &#8211; 21:00 Uhr, Vereinsheim MV Stadtkapelle Lauchheim e.V.<\/p>\n<p><img loading=\"lazy\" decoding=\"async\" class=\"alignnone size-medium wp-image-312\" src=\"https:\/\/stadtkapelle-lauchheim.de\/wp-content\/uploads\/2018\/01\/Stadtmusikanten-01-300x200.jpg\" alt=\"\" width=\"300\" height=\"200\" srcset=\"https:\/\/stadtkapelle-lauchheim.de\/wp-content\/uploads\/2018\/01\/Stadtmusikanten-01-300x200.jpg 300w, https:\/\/stadtkapelle-lauchheim.de\/wp-content\/uploads\/2018\/01\/Stadtmusikanten-01-768x512.jpg 768w, https:\/\/stadtkapelle-lauchheim.de\/wp-content\/uploads\/2018\/01\/Stadtmusikanten-01-1024x683.jpg 1024w\" sizes=\"auto, (max-width: 300px) 100vw, 300px\" \/> <img loading=\"lazy\" decoding=\"async\" class=\"alignnone size-medium wp-image-313\" src=\"https:\/\/stadtkapelle-lauchheim.de\/wp-content\/uploads\/2018\/01\/Stadtmusikanten-02-300x200.jpg\" alt=\"\" width=\"300\" height=\"200\" srcset=\"https:\/\/stadtkapelle-lauchheim.de\/wp-content\/uploads\/2018\/01\/Stadtmusikanten-02-300x200.jpg 300w, https:\/\/stadtkapelle-lauchheim.de\/wp-content\/uploads\/2018\/01\/Stadtmusikanten-02-768x512.jpg 768w, https:\/\/stadtkapelle-lauchheim.de\/wp-content\/uploads\/2018\/01\/Stadtmusikanten-02-1024x683.jpg 1024w\" sizes=\"auto, (max-width: 300px) 100vw, 300px\" \/> <img loading=\"lazy\" decoding=\"async\" class=\"alignnone size-medium wp-image-314\" src=\"https:\/\/stadtkapelle-lauchheim.de\/wp-content\/uploads\/2018\/01\/Stadtmusikanten-03-300x200.jpg\" alt=\"\" width=\"300\" height=\"200\" srcset=\"https:\/\/stadtkapelle-lauchheim.de\/wp-content\/uploads\/2018\/01\/Stadtmusikanten-03-300x200.jpg 300w, https:\/\/stadtkapelle-lauchheim.de\/wp-content\/uploads\/2018\/01\/Stadtmusikanten-03-768x512.jpg 768w, https:\/\/stadtkapelle-lauchheim.de\/wp-content\/uploads\/2018\/01\/Stadtmusikanten-03-1024x683.jpg 1024w\" sizes=\"auto, (max-width: 300px) 100vw, 300px\" \/> <img loading=\"lazy\" decoding=\"async\" class=\"alignnone size-medium wp-image-315\" src=\"https:\/\/stadtkapelle-lauchheim.de\/wp-content\/uploads\/2018\/01\/Stadtmusikanten-04-300x200.jpg\" alt=\"\" width=\"300\" height=\"200\" srcset=\"https:\/\/stadtkapelle-lauchheim.de\/wp-content\/uploads\/2018\/01\/Stadtmusikanten-04-300x200.jpg 300w, https:\/\/stadtkapelle-lauchheim.de\/wp-content\/uploads\/2018\/01\/Stadtmusikanten-04-768x512.jpg 768w, https:\/\/stadtkapelle-lauchheim.de\/wp-content\/uploads\/2018\/01\/Stadtmusikanten-04-1024x683.jpg 1024w\" sizes=\"auto, (max-width: 300px) 100vw, 300px\" \/><\/p>\n","protected":false},"excerpt":{"rendered":"<p>Junggebliebenen-Kapelle: Gr\u00fcndung: Zum 50-j\u00e4hrigen Bestehen des Musikvereins wurden s\u00e4mtliche Musiker aus Gr\u00fcndungszeit des Vereins motiviert, am Jubil\u00e4ums-Neujahrskonzert 2007, aktiv teilzunehmen. Dies sollte einmalig stattfinden. Die 24 hochmotivierten Musiker spielten unter der Leitung von Walter Kern zu Topform auf. Musiker: Mittlerweile <span class=\"excerpt-dots\">&hellip;<\/span> <a class=\"more-link\" href=\"https:\/\/stadtkapelle-lauchheim.de\/?page_id=306\"><span class=\"more-msg\">Weiterlesen &rarr;<\/span><\/a><\/p>\n","protected":false},"author":2,"featured_media":0,"parent":0,"menu_order":0,"comment_status":"closed","ping_status":"closed","template":"","meta":{"footnotes":""},"class_list":["post-306","page","type-page","status-publish","hentry"],"_links":{"self":[{"href":"https:\/\/stadtkapelle-lauchheim.de\/index.php?rest_route=\/wp\/v2\/pages\/306","targetHints":{"allow":["GET"]}}],"collection":[{"href":"https:\/\/stadtkapelle-lauchheim.de\/index.php?rest_route=\/wp\/v2\/pages"}],"about":[{"href":"https:\/\/stadtkapelle-lauchheim.de\/index.php?rest_route=\/wp\/v2\/types\/page"}],"author":[{"embeddable":true,"href":"https:\/\/stadtkapelle-lauchheim.de\/index.php?rest_route=\/wp\/v2\/users\/2"}],"replies":[{"embeddable":true,"href":"https:\/\/stadtkapelle-lauchheim.de\/index.php?rest_route=%2Fwp%2Fv2%2Fcomments&post=306"}],"version-history":[{"count":2,"href":"https:\/\/stadtkapelle-lauchheim.de\/index.php?rest_route=\/wp\/v2\/pages\/306\/revisions"}],"predecessor-version":[{"id":481,"href":"https:\/\/stadtkapelle-lauchheim.de\/index.php?rest_route=\/wp\/v2\/pages\/306\/revisions\/481"}],"wp:attachment":[{"href":"https:\/\/stadtkapelle-lauchheim.de\/index.php?rest_route=%2Fwp%2Fv2%2Fmedia&parent=306"}],"curies":[{"name":"wp","href":"https:\/\/api.w.org\/{rel}","templated":true}]}}