{"id":262,"date":"2018-01-24T17:05:54","date_gmt":"2018-01-24T16:05:54","guid":{"rendered":"https:\/\/stadtkapelle-lauchheim.de\/?page_id=262"},"modified":"2018-01-24T18:50:18","modified_gmt":"2018-01-24T17:50:18","slug":"buergerwehr","status":"publish","type":"page","link":"https:\/\/stadtkapelle-lauchheim.de\/?page_id=262","title":{"rendered":"B\u00fcrgerwehr"},"content":{"rendered":"<h3>\u00a0Lauchheims B\u00fcrgerwehr hat eine \u00fcber 600j\u00e4hrige Tradition<\/h3>\n<p><img loading=\"lazy\" decoding=\"async\" class=\"alignnone size-medium wp-image-290\" src=\"https:\/\/stadtkapelle-lauchheim.de\/wp-content\/uploads\/2018\/01\/Fronleichnam-03-300x200.jpg\" alt=\"\" width=\"300\" height=\"200\" srcset=\"https:\/\/stadtkapelle-lauchheim.de\/wp-content\/uploads\/2018\/01\/Fronleichnam-03-300x200.jpg 300w, https:\/\/stadtkapelle-lauchheim.de\/wp-content\/uploads\/2018\/01\/Fronleichnam-03-768x512.jpg 768w, https:\/\/stadtkapelle-lauchheim.de\/wp-content\/uploads\/2018\/01\/Fronleichnam-03-1024x683.jpg 1024w\" sizes=\"auto, (max-width: 300px) 100vw, 300px\" \/> <img loading=\"lazy\" decoding=\"async\" class=\"alignnone size-medium wp-image-292\" src=\"https:\/\/stadtkapelle-lauchheim.de\/wp-content\/uploads\/2018\/01\/Fronleichnam-05-300x200.jpg\" alt=\"\" width=\"300\" height=\"200\" srcset=\"https:\/\/stadtkapelle-lauchheim.de\/wp-content\/uploads\/2018\/01\/Fronleichnam-05-300x200.jpg 300w, https:\/\/stadtkapelle-lauchheim.de\/wp-content\/uploads\/2018\/01\/Fronleichnam-05-768x512.jpg 768w, https:\/\/stadtkapelle-lauchheim.de\/wp-content\/uploads\/2018\/01\/Fronleichnam-05-1024x683.jpg 1024w\" sizes=\"auto, (max-width: 300px) 100vw, 300px\" \/> <img loading=\"lazy\" decoding=\"async\" class=\"alignnone size-medium wp-image-305\" src=\"https:\/\/stadtkapelle-lauchheim.de\/wp-content\/uploads\/2018\/01\/IMG_5149-300x200.jpg\" alt=\"\" width=\"300\" height=\"200\" srcset=\"https:\/\/stadtkapelle-lauchheim.de\/wp-content\/uploads\/2018\/01\/IMG_5149-300x200.jpg 300w, https:\/\/stadtkapelle-lauchheim.de\/wp-content\/uploads\/2018\/01\/IMG_5149-768x512.jpg 768w, https:\/\/stadtkapelle-lauchheim.de\/wp-content\/uploads\/2018\/01\/IMG_5149-1024x683.jpg 1024w\" sizes=\"auto, (max-width: 300px) 100vw, 300px\" \/> <img loading=\"lazy\" decoding=\"async\" class=\"alignnone size-medium wp-image-316\" src=\"https:\/\/stadtkapelle-lauchheim.de\/wp-content\/uploads\/2018\/01\/Zapfenstreich-02-300x200.jpg\" alt=\"\" width=\"300\" height=\"200\" srcset=\"https:\/\/stadtkapelle-lauchheim.de\/wp-content\/uploads\/2018\/01\/Zapfenstreich-02-300x200.jpg 300w, https:\/\/stadtkapelle-lauchheim.de\/wp-content\/uploads\/2018\/01\/Zapfenstreich-02-768x512.jpg 768w, https:\/\/stadtkapelle-lauchheim.de\/wp-content\/uploads\/2018\/01\/Zapfenstreich-02-1024x683.jpg 1024w\" sizes=\"auto, (max-width: 300px) 100vw, 300px\" \/><\/p>\n<h3><\/h3>\n<p>Die Anf\u00e4nge der Lauchheimer B\u00fcrgerwehr reichen bis in das fr\u00fche Mittelalter zur\u00fcck. Bereits die Ritter von Gromberg haben sich aus der Lauchheimer B\u00fcrgerschaft ihr eigenes Milit\u00e4r herangezogen und als eine Art Miliz dauernd unterhalten.<br \/>\nEine Straffung erfuhr diese milit\u00e4rische Organisation dann im Jahr 1364, als die Gegend um Lauchheim unter die Herrschaft des Deutschen Ritterordens kam. Seinerzeit hatte die B\u00fcrgerwehr insbesondere die Aufgaben des Wehrdienstes auf Schloss Kapfenburg und in Lauchheim wahrzunehmen. Ferner bediente man sich der B\u00fcrgerwehr als Marktpolizei, zu Streifen im damaligen Kommendegebiet, als Ehrenwache des Landesherrn und selbstverst\u00e4ndlich auch bei kriegerischen Auseinandersetzungen. Zu dieser Zeit bestand die B\u00fcrgerwehr aus zwei Kompanien, die durch einen Hauptmann, einen F\u00e4hnrich, zwei Feldwebel und zwei Korporale befehligt wurden.<br \/>\nMit der Verleihung des Stadtrechts 1431 wurde die B\u00fcrgerwehr der Stadt Lauchheim unterstellt.<br \/>\nNoch zu Ende des 17. Jahrhunderts trat bei \u00f6ffentlichen Anl\u00e4ssen die gesamte B\u00fcrgerschaft des Kommendegebietes an. Die rund 100 Musketiere und 40 Reiter wurden von einem Offizier, einem Hauptmann und zwei Unteroffizieren gef\u00fchrt. Die Z\u00fcnfte waren durch Zimmerleute, Maurer und Schmiede (ger\u00fcstet mit ihrem Werkzeug) vertreten. Au\u00dferdem folgten dem Zug noch \u00e4rmere Untertanen mit dem Jagdspie\u00df. Die Musik bestand aus vier Tambours mit kupfernen Heerpauken und einem Pfeifer. Die Chargierten trugen die blau-wei\u00dfe Sch\u00e4rpe der Deutschordensherrschaft, ihre Pferde blau-wei\u00dfe Schabracken.<\/p>\n<p>Die Aufgabe dieser &#8222;B\u00fcrgerschaft unterm Gewehr&#8220; bestand in der Sicherung von Ruhe und Ordnung im Kommendengebiet durch Wache und Streifendienst sowie Schutz an Markttagen auf Anordnung der Herrschaft. Dazu kam die Ausschm\u00fcckung hoher kirchlicher Tage, z. B. Begleitung an Fronleichnam. Auch bestanden Repr\u00e4sentationspflichten zu besonderen weltlichen Ereignissen, z. B. Besuch hoher Ordensleute und Aufrichtung des Hochgerichtes.<\/p>\n<p>Das barocke Repr\u00e4sentationsstreben der Herrschaft, welches sich seit 1700 im Ausbau der Kapfenburg zum Schloss niederschlug sowie das 1696 gebildete Deutschmeisterregiment im benachbarten Donauw\u00f6rth waren Anlass f\u00fcr den Komtur von Hornstein, neben dieser B\u00fcrgerschaft unterm Gewehr eine uniformierte Kerntruppe aufzustellen. Daf\u00fcr wird der Sommer 1714 angenommen, als er zum Besuch des Hochmeisters beim Sommerschie\u00dfen der B\u00fcrgerschaft f\u00fcr 3 Gulden eine Sch\u00fctzenfahne stiftete. Die als &#8222;Sch\u00fctzenkompanie&#8220; und &#8222;Sch\u00fctzenkorps&#8220; bezeichnete Truppe umfasste etwa 40 Personen und musste auch die B\u00f6ller bedienen. Diese B\u00fcrgerwehr hat den \u00dcbergang des Kommendegebietes Kapfenburg an W\u00fcrttemberg durch Zuspruch Napoleons im Jahre 1806 \u00fcberlebt. In Verbindung mit der kurz vor der Revolution von 1848 erlassenen Anordnung der Aufstellung von B\u00fcrgerwehren erfuhr die Gruppe eine Renaissance und erhielt eine Neuausstattung mit gr\u00fcnem Rock, wei\u00dfen Beinkleidern sowie Tschako. 1906 trug die Wehr zivilen schwarzen Gehrock, wei\u00dfe Hose und mit Eichenlaub geschm\u00fcckten Zylinder. Der Stadtleutnant trug den milit\u00e4rischen Schiffshut.<br \/>\nDurch Statut vom 19. M\u00e4rz 1910 wurde die B\u00fcrgerwehr mit neuer Kleidung und Aufgabe reaktiviert. In Anlehnung an den friederizianischen Stil des 18. Jahrhunderts und mit Beratung eines M\u00fcnchner K\u00fcnstlers wurde die noch heute getragene Uniform festgelegt. Die 1910 gegr\u00fcndete Stadtkapelle wurde erstmals 1914 als Musikzug der Wehr verpflichtet.<\/p>\n<p>Text: lauchheim.de<\/p>\n","protected":false},"excerpt":{"rendered":"<p>\u00a0Lauchheims B\u00fcrgerwehr hat eine \u00fcber 600j\u00e4hrige Tradition Die Anf\u00e4nge der Lauchheimer B\u00fcrgerwehr reichen bis in das fr\u00fche Mittelalter zur\u00fcck. Bereits die Ritter von Gromberg haben sich aus der Lauchheimer B\u00fcrgerschaft ihr eigenes Milit\u00e4r herangezogen und als eine Art Miliz dauernd <span class=\"excerpt-dots\">&hellip;<\/span> <a class=\"more-link\" href=\"https:\/\/stadtkapelle-lauchheim.de\/?page_id=262\"><span class=\"more-msg\">Weiterlesen &rarr;<\/span><\/a><\/p>\n","protected":false},"author":2,"featured_media":0,"parent":0,"menu_order":0,"comment_status":"closed","ping_status":"closed","template":"","meta":{"footnotes":""},"class_list":["post-262","page","type-page","status-publish","hentry"],"_links":{"self":[{"href":"https:\/\/stadtkapelle-lauchheim.de\/index.php?rest_route=\/wp\/v2\/pages\/262","targetHints":{"allow":["GET"]}}],"collection":[{"href":"https:\/\/stadtkapelle-lauchheim.de\/index.php?rest_route=\/wp\/v2\/pages"}],"about":[{"href":"https:\/\/stadtkapelle-lauchheim.de\/index.php?rest_route=\/wp\/v2\/types\/page"}],"author":[{"embeddable":true,"href":"https:\/\/stadtkapelle-lauchheim.de\/index.php?rest_route=\/wp\/v2\/users\/2"}],"replies":[{"embeddable":true,"href":"https:\/\/stadtkapelle-lauchheim.de\/index.php?rest_route=%2Fwp%2Fv2%2Fcomments&post=262"}],"version-history":[{"count":6,"href":"https:\/\/stadtkapelle-lauchheim.de\/index.php?rest_route=\/wp\/v2\/pages\/262\/revisions"}],"predecessor-version":[{"id":333,"href":"https:\/\/stadtkapelle-lauchheim.de\/index.php?rest_route=\/wp\/v2\/pages\/262\/revisions\/333"}],"wp:attachment":[{"href":"https:\/\/stadtkapelle-lauchheim.de\/index.php?rest_route=%2Fwp%2Fv2%2Fmedia&parent=262"}],"curies":[{"name":"wp","href":"https:\/\/api.w.org\/{rel}","templated":true}]}}